{"id":613,"date":"2023-06-15T16:13:42","date_gmt":"2023-06-15T16:13:42","guid":{"rendered":"https:\/\/sattar-properties.com\/?page_id=613"},"modified":"2023-09-04T14:49:53","modified_gmt":"2023-09-04T14:49:53","slug":"about-us","status":"publish","type":"page","link":"https:\/\/sattar-properties.com\/pt\/about-us\/","title":{"rendered":"Sobre N\u00f3s"},"content":{"rendered":"<div data-elementor-type=\"wp-page\" data-elementor-id=\"613\" class=\"elementor elementor-613\" data-elementor-post-type=\"page\">\n\t\t\t\t<div class=\"elementor-element elementor-element-ceff96c e-con-full e-flex e-con e-parent\" data-id=\"ceff96c\" data-element_type=\"container\" data-settings=\"{&quot;jet_parallax_layout_list&quot;:[]}\">\n\t\t\t\t<div class=\"elementor-element elementor-element-c617f8d elementor-widget elementor-widget-image\" data-id=\"c617f8d\" data-element_type=\"widget\" data-widget_type=\"image.default\">\n\t\t\t\t<div class=\"elementor-widget-container\">\n\t\t\t\t\t\t\t\t\t\t\t\t\t<img fetchpriority=\"high\" decoding=\"async\" width=\"1437\" height=\"792\" src=\"https:\/\/sattar-properties.com\/wp-content\/uploads\/2023\/06\/single-location-1.jpeg\" class=\"attachment-full size-full wp-image-574\" alt=\"\" srcset=\"https:\/\/sattar-properties.com\/wp-content\/uploads\/2023\/06\/single-location-1.jpeg 1437w, https:\/\/sattar-properties.com\/wp-content\/uploads\/2023\/06\/single-location-1-300x165.jpeg 300w, https:\/\/sattar-properties.com\/wp-content\/uploads\/2023\/06\/single-location-1-1024x564.jpeg 1024w, https:\/\/sattar-properties.com\/wp-content\/uploads\/2023\/06\/single-location-1-768x423.jpeg 768w, https:\/\/sattar-properties.com\/wp-content\/uploads\/2023\/06\/single-location-1-600x331.jpeg 600w\" sizes=\"(max-width: 1437px) 100vw, 1437px\" \/>\t\t\t\t\t\t\t\t\t\t\t\t\t<\/div>\n\t\t\t\t<\/div>\n\t\t\t\t<\/div>\n\t\t<div class=\"elementor-element elementor-element-3f18a73 e-con-full e-flex e-con e-parent\" data-id=\"3f18a73\" data-element_type=\"container\" data-settings=\"{&quot;background_background&quot;:&quot;classic&quot;,&quot;jet_parallax_layout_list&quot;:[]}\">\n\t\t\t\t<div class=\"elementor-element elementor-element-3ccc0f2 elementor-widget-tablet__width-initial elementor-widget elementor-widget-heading\" data-id=\"3ccc0f2\" data-element_type=\"widget\" data-widget_type=\"heading.default\">\n\t\t\t\t<div class=\"elementor-widget-container\">\n\t\t\t<h1 class=\"elementor-heading-title elementor-size-default\">Sobre N\u00f3s<\/h1>\t\t<\/div>\n\t\t\t\t<\/div>\n\t\t\t\t<\/div>\n\t\t<div class=\"elementor-element elementor-element-a7cbd12 e-con-full e-flex e-con e-parent\" data-id=\"a7cbd12\" data-element_type=\"container\" data-settings=\"{&quot;jet_parallax_layout_list&quot;:[]}\">\n\t\t<div class=\"elementor-element elementor-element-dc7076e e-con-full e-flex e-con e-parent\" data-id=\"dc7076e\" data-element_type=\"container\" data-settings=\"{&quot;jet_parallax_layout_list&quot;:[]}\">\n\t\t\t\t<div class=\"elementor-element elementor-element-b8edcb9 elementor-widget elementor-widget-image\" data-id=\"b8edcb9\" data-element_type=\"widget\" data-widget_type=\"image.default\">\n\t\t\t\t<div class=\"elementor-widget-container\">\n\t\t\t\t\t\t\t\t\t\t\t\t\t<img decoding=\"async\" width=\"960\" height=\"736\" src=\"https:\/\/sattar-properties.com\/wp-content\/uploads\/2023\/06\/Let-us-make-it-reality.jpg\" class=\"attachment-full size-full wp-image-1012\" alt=\"\" srcset=\"https:\/\/sattar-properties.com\/wp-content\/uploads\/2023\/06\/Let-us-make-it-reality.jpg 960w, https:\/\/sattar-properties.com\/wp-content\/uploads\/2023\/06\/Let-us-make-it-reality-300x230.jpg 300w, https:\/\/sattar-properties.com\/wp-content\/uploads\/2023\/06\/Let-us-make-it-reality-768x589.jpg 768w, https:\/\/sattar-properties.com\/wp-content\/uploads\/2023\/06\/Let-us-make-it-reality-600x460.jpg 600w\" sizes=\"(max-width: 960px) 100vw, 960px\" \/>\t\t\t\t\t\t\t\t\t\t\t\t\t<\/div>\n\t\t\t\t<\/div>\n\t\t\t\t<\/div>\n\t\t<div class=\"elementor-element elementor-element-60d7c04 e-con-full e-flex e-con e-parent\" data-id=\"60d7c04\" data-element_type=\"container\" data-settings=\"{&quot;jet_parallax_layout_list&quot;:[]}\">\n\t\t\t\t<div class=\"elementor-element elementor-element-6b7764b elementor-widget elementor-widget-heading\" data-id=\"6b7764b\" data-element_type=\"widget\" data-widget_type=\"heading.default\">\n\t\t\t\t<div class=\"elementor-widget-container\">\n\t\t\t<h4 class=\"elementor-heading-title elementor-size-default\">IMAGINE A SUA VIDA,<\/h4>\t\t<\/div>\n\t\t\t\t<\/div>\n\t\t\t\t<div class=\"elementor-element elementor-element-68c7989 elementor-widget elementor-widget-heading\" data-id=\"68c7989\" data-element_type=\"widget\" data-widget_type=\"heading.default\">\n\t\t\t\t<div class=\"elementor-widget-container\">\n\t\t\t<h4 class=\"elementor-heading-title elementor-size-default\">DEIXE-NOS TORNAR UMA REALIDADE.<\/h4>\t\t<\/div>\n\t\t\t\t<\/div>\n\t\t\t\t<div class=\"elementor-element elementor-element-0a35500 elementor-widget elementor-widget-spacer\" data-id=\"0a35500\" data-element_type=\"widget\" data-widget_type=\"spacer.default\">\n\t\t\t\t<div class=\"elementor-widget-container\">\n\t\t\t\t\t<div class=\"elementor-spacer\">\n\t\t\t<div class=\"elementor-spacer-inner\"><\/div>\n\t\t<\/div>\n\t\t\t\t<\/div>\n\t\t\t\t<\/div>\n\t\t\t\t<div class=\"elementor-element elementor-element-72e1b22 elementor-widget elementor-widget-text-editor\" data-id=\"72e1b22\" data-element_type=\"widget\" data-widget_type=\"text-editor.default\">\n\t\t\t\t<div class=\"elementor-widget-container\">\n\t\t\t\t\t\t\t<p>Na Sattar Properties, estamos empenhados em encontrar n\u00e3o apenas uma propriedade, mas uma casa para os nossos clientes partilharem com a sua fam\u00edlia. Com propriedades exclusivas nos locais mais procurados de Portugal, o nosso foco \u00e9 sempre o cliente, partilhando a sua vis\u00e3o e ajudando a materializ\u00e1-la da melhor forma poss\u00edvel.<\/p>\t\t\t\t\t\t<\/div>\n\t\t\t\t<\/div>\n\t\t\t\t<\/div>\n\t\t\t\t<\/div>\n\t\t<div class=\"elementor-element elementor-element-2298f24 e-con-full e-flex e-con e-parent\" data-id=\"2298f24\" data-element_type=\"container\" data-settings=\"{&quot;jet_parallax_layout_list&quot;:[]}\">\n\t\t<div class=\"elementor-element elementor-element-dcc11e6 e-con-full e-flex e-con e-parent\" data-id=\"dcc11e6\" data-element_type=\"container\" data-settings=\"{&quot;jet_parallax_layout_list&quot;:[]}\">\n\t\t\t\t<div class=\"elementor-element elementor-element-2178336 elementor-widget elementor-widget-heading\" data-id=\"2178336\" data-element_type=\"widget\" data-widget_type=\"heading.default\">\n\t\t\t\t<div class=\"elementor-widget-container\">\n\t\t\t<h4 class=\"elementor-heading-title elementor-size-default\">A NOSSA PRIORIDADE<\/h4>\t\t<\/div>\n\t\t\t\t<\/div>\n\t\t\t\t<div class=\"elementor-element elementor-element-b872448 elementor-widget elementor-widget-heading\" data-id=\"b872448\" data-element_type=\"widget\" data-widget_type=\"heading.default\">\n\t\t\t\t<div class=\"elementor-widget-container\">\n\t\t\t<h4 class=\"elementor-heading-title elementor-size-default\">FOCO NO CLIENTE<\/h4>\t\t<\/div>\n\t\t\t\t<\/div>\n\t\t\t\t<div class=\"elementor-element elementor-element-c2c750b elementor-widget elementor-widget-spacer\" data-id=\"c2c750b\" data-element_type=\"widget\" data-widget_type=\"spacer.default\">\n\t\t\t\t<div class=\"elementor-widget-container\">\n\t\t\t\t\t<div class=\"elementor-spacer\">\n\t\t\t<div class=\"elementor-spacer-inner\"><\/div>\n\t\t<\/div>\n\t\t\t\t<\/div>\n\t\t\t\t<\/div>\n\t\t\t\t<div class=\"elementor-element elementor-element-4c72ea6 elementor-widget elementor-widget-text-editor\" data-id=\"4c72ea6\" data-element_type=\"widget\" data-widget_type=\"text-editor.default\">\n\t\t\t\t<div class=\"elementor-widget-container\">\n\t\t\t\t\t\t\t<p>Cada pessoa tem uma ideia diferente do que seria a sua vida de sonho. Ent\u00e3o, porqu\u00ea oferecer o mesmo servi\u00e7o a todos os clientes? Abordamos de forma diferente cada cliente, projeto ou desafio com que nos deparamos. Desta forma, garantimos que obt\u00e9m um servi\u00e7o e resultados adaptados \u00e0s suas necessidades.<\/p>\t\t\t\t\t\t<\/div>\n\t\t\t\t<\/div>\n\t\t\t\t<\/div>\n\t\t<div class=\"elementor-element elementor-element-a4d9e99 e-con-full e-flex e-con e-parent\" data-id=\"a4d9e99\" data-element_type=\"container\" data-settings=\"{&quot;jet_parallax_layout_list&quot;:[]}\">\n\t\t\t\t<div class=\"elementor-element elementor-element-4fb4c19 elementor-widget elementor-widget-image\" data-id=\"4fb4c19\" data-element_type=\"widget\" data-widget_type=\"image.default\">\n\t\t\t\t<div class=\"elementor-widget-container\">\n\t\t\t\t\t\t\t\t\t\t\t\t\t<img decoding=\"async\" width=\"960\" height=\"736\" src=\"https:\/\/sattar-properties.com\/wp-content\/uploads\/2023\/06\/Customer-Focus.jpg\" class=\"attachment-full size-full wp-image-1013\" alt=\"\" srcset=\"https:\/\/sattar-properties.com\/wp-content\/uploads\/2023\/06\/Customer-Focus.jpg 960w, https:\/\/sattar-properties.com\/wp-content\/uploads\/2023\/06\/Customer-Focus-300x230.jpg 300w, https:\/\/sattar-properties.com\/wp-content\/uploads\/2023\/06\/Customer-Focus-768x589.jpg 768w, https:\/\/sattar-properties.com\/wp-content\/uploads\/2023\/06\/Customer-Focus-600x460.jpg 600w\" sizes=\"(max-width: 960px) 100vw, 960px\" \/>\t\t\t\t\t\t\t\t\t\t\t\t\t<\/div>\n\t\t\t\t<\/div>\n\t\t\t\t<\/div>\n\t\t\t\t<\/div>\n\t\t<div class=\"elementor-element elementor-element-1316abe e-con-full e-flex e-con e-parent\" data-id=\"1316abe\" data-element_type=\"container\" data-settings=\"{&quot;jet_parallax_layout_list&quot;:[]}\">\n\t\t<div class=\"elementor-element elementor-element-c35437e e-con-full e-flex e-con e-parent\" data-id=\"c35437e\" data-element_type=\"container\" data-settings=\"{&quot;jet_parallax_layout_list&quot;:[]}\">\n\t\t\t\t<div class=\"elementor-element elementor-element-2c97bfe elementor-widget elementor-widget-image\" data-id=\"2c97bfe\" data-element_type=\"widget\" data-widget_type=\"image.default\">\n\t\t\t\t<div class=\"elementor-widget-container\">\n\t\t\t\t\t\t\t\t\t\t\t\t\t<img loading=\"lazy\" decoding=\"async\" width=\"960\" height=\"736\" src=\"https:\/\/sattar-properties.com\/wp-content\/uploads\/2023\/06\/Exclusivity.jpg\" class=\"attachment-full size-full wp-image-1014\" alt=\"\" srcset=\"https:\/\/sattar-properties.com\/wp-content\/uploads\/2023\/06\/Exclusivity.jpg 960w, https:\/\/sattar-properties.com\/wp-content\/uploads\/2023\/06\/Exclusivity-300x230.jpg 300w, https:\/\/sattar-properties.com\/wp-content\/uploads\/2023\/06\/Exclusivity-768x589.jpg 768w, https:\/\/sattar-properties.com\/wp-content\/uploads\/2023\/06\/Exclusivity-600x460.jpg 600w\" sizes=\"(max-width: 960px) 100vw, 960px\" \/>\t\t\t\t\t\t\t\t\t\t\t\t\t<\/div>\n\t\t\t\t<\/div>\n\t\t\t\t<\/div>\n\t\t<div class=\"elementor-element elementor-element-51418a8 e-con-full e-flex e-con e-parent\" data-id=\"51418a8\" data-element_type=\"container\" data-settings=\"{&quot;jet_parallax_layout_list&quot;:[]}\">\n\t\t\t\t<div class=\"elementor-element elementor-element-1ebd00b elementor-widget elementor-widget-heading\" data-id=\"1ebd00b\" data-element_type=\"widget\" data-widget_type=\"heading.default\">\n\t\t\t\t<div class=\"elementor-widget-container\">\n\t\t\t<h4 class=\"elementor-heading-title elementor-size-default\">O MELHOR PARA SI\n<\/h4>\t\t<\/div>\n\t\t\t\t<\/div>\n\t\t\t\t<div class=\"elementor-element elementor-element-f354377 elementor-widget elementor-widget-heading\" data-id=\"f354377\" data-element_type=\"widget\" data-widget_type=\"heading.default\">\n\t\t\t\t<div class=\"elementor-widget-container\">\n\t\t\t<h4 class=\"elementor-heading-title elementor-size-default\">EXCLUSIVIDADE<\/h4>\t\t<\/div>\n\t\t\t\t<\/div>\n\t\t\t\t<div class=\"elementor-element elementor-element-2cdf9f8 elementor-widget elementor-widget-spacer\" data-id=\"2cdf9f8\" data-element_type=\"widget\" data-widget_type=\"spacer.default\">\n\t\t\t\t<div class=\"elementor-widget-container\">\n\t\t\t\t\t<div class=\"elementor-spacer\">\n\t\t\t<div class=\"elementor-spacer-inner\"><\/div>\n\t\t<\/div>\n\t\t\t\t<\/div>\n\t\t\t\t<\/div>\n\t\t\t\t<div class=\"elementor-element elementor-element-1cab3d8 elementor-widget elementor-widget-text-editor\" data-id=\"1cab3d8\" data-element_type=\"widget\" data-widget_type=\"text-editor.default\">\n\t\t\t\t<div class=\"elementor-widget-container\">\n\t\t\t\t\t\t\t<p>As pessoas dizem que o melhor da vida \u00e9 exclusivo. Quando estamos frente a frente com o \u00fanico, reconhecemo-lo, reconhecemo-lo e, nesse momento, ele \u00e9 nosso. A nossa miss\u00e3o \u00e9 proporcionar-lhe esse momento e torn\u00e1-lo real.<\/p>\t\t\t\t\t\t<\/div>\n\t\t\t\t<\/div>\n\t\t\t\t<\/div>\n\t\t\t\t<\/div>\n\t\t<div class=\"elementor-element elementor-element-cfa2ecd e-con-full e-flex e-con e-parent\" data-id=\"cfa2ecd\" data-element_type=\"container\" data-settings=\"{&quot;jet_parallax_layout_list&quot;:[]}\">\n\t\t<div class=\"elementor-element elementor-element-500e997 e-con-full e-flex e-con e-parent\" data-id=\"500e997\" data-element_type=\"container\" data-settings=\"{&quot;jet_parallax_layout_list&quot;:[]}\">\n\t\t\t\t<div class=\"elementor-element elementor-element-b12f5a8 elementor-widget elementor-widget-heading\" data-id=\"b12f5a8\" data-element_type=\"widget\" data-widget_type=\"heading.default\">\n\t\t\t\t<div class=\"elementor-widget-container\">\n\t\t\t<h4 class=\"elementor-heading-title elementor-size-default\">CONHECIMENTOS ESPECIALIZADOS \u00c0 SUA DISPOSI\u00c7\u00c3O<\/h4>\t\t<\/div>\n\t\t\t\t<\/div>\n\t\t\t\t<div class=\"elementor-element elementor-element-298b5b9 elementor-widget elementor-widget-heading\" data-id=\"298b5b9\" data-element_type=\"widget\" data-widget_type=\"heading.default\">\n\t\t\t\t<div class=\"elementor-widget-container\">\n\t\t\t<h4 class=\"elementor-heading-title elementor-size-default\">PROFISSIONALISMO<\/h4>\t\t<\/div>\n\t\t\t\t<\/div>\n\t\t\t\t<div class=\"elementor-element elementor-element-55d7139 elementor-widget elementor-widget-spacer\" data-id=\"55d7139\" data-element_type=\"widget\" data-widget_type=\"spacer.default\">\n\t\t\t\t<div class=\"elementor-widget-container\">\n\t\t\t\t\t<div class=\"elementor-spacer\">\n\t\t\t<div class=\"elementor-spacer-inner\"><\/div>\n\t\t<\/div>\n\t\t\t\t<\/div>\n\t\t\t\t<\/div>\n\t\t\t\t<div class=\"elementor-element elementor-element-46ef2e7 elementor-widget elementor-widget-text-editor\" data-id=\"46ef2e7\" data-element_type=\"widget\" data-widget_type=\"text-editor.default\">\n\t\t\t\t<div class=\"elementor-widget-container\">\n\t\t\t\t\t\t\t<p>Colocamos a nossa experi\u00eancia ao seu servi\u00e7o. Com um forte conhecimento da cultura portuguesa, dos locais e do mercado imobili\u00e1rio, temos os meios certos para encontrar a casa ideal para si, com profissionalismo e fiabilidade.<\/p>\t\t\t\t\t\t<\/div>\n\t\t\t\t<\/div>\n\t\t\t\t<\/div>\n\t\t<div class=\"elementor-element elementor-element-4b6d068 e-con-full e-flex e-con e-parent\" data-id=\"4b6d068\" data-element_type=\"container\" data-settings=\"{&quot;jet_parallax_layout_list&quot;:[]}\">\n\t\t\t\t<div class=\"elementor-element elementor-element-a0ae744 elementor-widget elementor-widget-image\" data-id=\"a0ae744\" data-element_type=\"widget\" data-widget_type=\"image.default\">\n\t\t\t\t<div class=\"elementor-widget-container\">\n\t\t\t\t\t\t\t\t\t\t\t\t\t<img loading=\"lazy\" decoding=\"async\" width=\"960\" height=\"736\" src=\"https:\/\/sattar-properties.com\/wp-content\/uploads\/2023\/06\/Profissionalism.jpg\" class=\"attachment-full size-full wp-image-1011\" alt=\"\" srcset=\"https:\/\/sattar-properties.com\/wp-content\/uploads\/2023\/06\/Profissionalism.jpg 960w, https:\/\/sattar-properties.com\/wp-content\/uploads\/2023\/06\/Profissionalism-300x230.jpg 300w, https:\/\/sattar-properties.com\/wp-content\/uploads\/2023\/06\/Profissionalism-768x589.jpg 768w, https:\/\/sattar-properties.com\/wp-content\/uploads\/2023\/06\/Profissionalism-600x460.jpg 600w\" sizes=\"(max-width: 960px) 100vw, 960px\" \/>\t\t\t\t\t\t\t\t\t\t\t\t\t<\/div>\n\t\t\t\t<\/div>\n\t\t\t\t<\/div>\n\t\t\t\t<\/div>\n\t\t\t\t<\/div>","protected":false},"excerpt":{"rendered":"<p>About Us IMAGINE YOUR LIFE, LET US MAKE IT A REALITY. At Sattar Properties, we are committed to finding not just a property but a home for our clients to share with their family. With exclusive properties in the most sought-after locations in Portugal, our focus is always on the client, sharing their vision and [&hellip;]<\/p>","protected":false},"author":1,"featured_media":0,"parent":0,"menu_order":0,"comment_status":"closed","ping_status":"closed","template":"elementor_header_footer","meta":{"footnotes":""},"categories":[],"tags":[],"class_list":["post-613","page","type-page","status-publish","hentry"],"_links":{"self":[{"href":"https:\/\/sattar-properties.com\/pt\/wp-json\/wp\/v2\/pages\/613","targetHints":{"allow":["GET"]}}],"collection":[{"href":"https:\/\/sattar-properties.com\/pt\/wp-json\/wp\/v2\/pages"}],"about":[{"href":"https:\/\/sattar-properties.com\/pt\/wp-json\/wp\/v2\/types\/page"}],"author":[{"embeddable":true,"href":"https:\/\/sattar-properties.com\/pt\/wp-json\/wp\/v2\/users\/1"}],"replies":[{"embeddable":true,"href":"https:\/\/sattar-properties.com\/pt\/wp-json\/wp\/v2\/comments?post=613"}],"version-history":[{"count":0,"href":"https:\/\/sattar-properties.com\/pt\/wp-json\/wp\/v2\/pages\/613\/revisions"}],"wp:attachment":[{"href":"https:\/\/sattar-properties.com\/pt\/wp-json\/wp\/v2\/media?parent=613"}],"wp:term":[{"taxonomy":"category","embeddable":true,"href":"https:\/\/sattar-properties.com\/pt\/wp-json\/wp\/v2\/categories?post=613"},{"taxonomy":"post_tag","embeddable":true,"href":"https:\/\/sattar-properties.com\/pt\/wp-json\/wp\/v2\/tags?post=613"},{"taxonomy":"categories","embeddable":true,"href":"https:\/\/sattar-properties.com\/pt\/wp-json\/wp\/v2\/categories?post=613"}],"curies":[{"name":"wp","href":"https:\/\/api.w.org\/{rel}","templated":true}]}}